{"id":131,"date":"2026-04-26T19:35:12","date_gmt":"2026-04-26T19:35:12","guid":{"rendered":"http:\/\/cnrbioenerji.com\/?page_id=131"},"modified":"2026-04-27T07:22:03","modified_gmt":"2026-04-27T07:22:03","slug":"meditasyon","status":"publish","type":"page","link":"https:\/\/cnrbioenerji.com\/index.php\/meditasyon\/","title":{"rendered":"Meditasyon"},"content":{"rendered":"\n<p>Meditasyon,\u00a0<mark>zihni sakinle\u015ftirmek, odaklanmay\u0131 art\u0131rmak ve i\u00e7 huzuru bulmak amac\u0131yla nefes veya odaklanma teknikleri kullan\u0131larak yap\u0131lan bir zihinsel egzersizdir<\/mark>. Latince &#8220;derin d\u00fc\u015f\u00fcnme&#8221; anlam\u0131na gelen\u00a0<em>meditatio<\/em>\u00a0kelimesinden t\u00fcreyen bu pratik, stresle ba\u015fa \u00e7\u0131kma, duygusal denge ve fark\u0131ndal\u0131k geli\u015ftirme (mindfulness) i\u00e7in kullan\u0131lan bir y\u00f6ntemdir.<\/p>\n","protected":false},"excerpt":{"rendered":"<p>Meditasyon,\u00a0zihni sakinle\u015ftirmek, odaklanmay\u0131 art\u0131rmak ve i\u00e7 huzuru bulmak amac\u0131yla nefes veya odaklanma teknikleri kullan\u0131larak yap\u0131lan bir zihinsel egzersizdir. Latince &#8220;derin d\u00fc\u015f\u00fcnme&#8221; anlam\u0131na gelen\u00a0meditatio\u00a0kelimesinden t\u00fcreyen bu pratik, stresle ba\u015fa \u00e7\u0131kma, duygusal denge ve fark\u0131ndal\u0131k geli\u015ftirme (mindfulness) i\u00e7in kullan\u0131lan bir y\u00f6ntemdir.<\/p>\n","protected":false},"author":1,"featured_media":0,"parent":0,"menu_order":0,"comment_status":"closed","ping_status":"closed","template":"","meta":{"saved_in_kubio":false,"footnotes":""},"class_list":["post-131","page","type-page","status-publish","hentry"],"kubio_ai_page_context":{"short_desc":"","purpose":"general"},"_links":{"self":[{"href":"https:\/\/cnrbioenerji.com\/index.php\/wp-json\/wp\/v2\/pages\/131","targetHints":{"allow":["GET"]}}],"collection":[{"href":"https:\/\/cnrbioenerji.com\/index.php\/wp-json\/wp\/v2\/pages"}],"about":[{"href":"https:\/\/cnrbioenerji.com\/index.php\/wp-json\/wp\/v2\/types\/page"}],"author":[{"embeddable":true,"href":"https:\/\/cnrbioenerji.com\/index.php\/wp-json\/wp\/v2\/users\/1"}],"replies":[{"embeddable":true,"href":"https:\/\/cnrbioenerji.com\/index.php\/wp-json\/wp\/v2\/comments?post=131"}],"version-history":[{"count":2,"href":"https:\/\/cnrbioenerji.com\/index.php\/wp-json\/wp\/v2\/pages\/131\/revisions"}],"predecessor-version":[{"id":144,"href":"https:\/\/cnrbioenerji.com\/index.php\/wp-json\/wp\/v2\/pages\/131\/revisions\/144"}],"wp:attachment":[{"href":"https:\/\/cnrbioenerji.com\/index.php\/wp-json\/wp\/v2\/media?parent=131"}],"curies":[{"name":"wp","href":"https:\/\/api.w.org\/{rel}","templated":true}]}}