{"id":120,"date":"2026-04-26T19:32:05","date_gmt":"2026-04-26T19:32:05","guid":{"rendered":"http:\/\/cnrbioenerji.com\/?page_id=120"},"modified":"2026-04-27T07:17:37","modified_gmt":"2026-04-27T07:17:37","slug":"cakra-dengeleme-ve-cakralar","status":"publish","type":"page","link":"https:\/\/cnrbioenerji.com\/index.php\/cakra-dengeleme-ve-cakralar\/","title":{"rendered":"\u00c7akra Dengeleme ve \u00c7akralar"},"content":{"rendered":"\n<p>\u00c7akra dengeleme,\u00a0<mark>v\u00fccuttaki yedi ana enerji merkezinin (K\u00f6k, Sakral, Solar Plexus, Kalp, Bo\u011faz, \u00dc\u00e7\u00fcnc\u00fc G\u00f6z, Ta\u00e7) a\u00e7\u0131k ve uyumlu \u00e7al\u0131\u015fmas\u0131n\u0131 sa\u011flayarak fiziksel, zihinsel ve ruhsal sa\u011fl\u0131\u011f\u0131 iyile\u015ftirme s\u00fcrecidir<\/mark>. Meditasyon, yoga, nefes egzersizleri, ses terapisi ve aromaterapi ile \u00e7akra t\u0131kan\u0131kl\u0131klar\u0131 giderilerek enerji ak\u0131\u015f\u0131 dengelenir.<\/p>\n","protected":false},"excerpt":{"rendered":"<p>\u00c7akra dengeleme,\u00a0v\u00fccuttaki yedi ana enerji merkezinin (K\u00f6k, Sakral, Solar Plexus, Kalp, Bo\u011faz, \u00dc\u00e7\u00fcnc\u00fc G\u00f6z, Ta\u00e7) a\u00e7\u0131k ve uyumlu \u00e7al\u0131\u015fmas\u0131n\u0131 sa\u011flayarak fiziksel, zihinsel ve ruhsal sa\u011fl\u0131\u011f\u0131 iyile\u015ftirme s\u00fcrecidir. Meditasyon, yoga, nefes egzersizleri, ses terapisi ve aromaterapi ile \u00e7akra t\u0131kan\u0131kl\u0131klar\u0131 giderilerek enerji ak\u0131\u015f\u0131 dengelenir.<\/p>\n","protected":false},"author":1,"featured_media":0,"parent":0,"menu_order":0,"comment_status":"closed","ping_status":"closed","template":"","meta":{"saved_in_kubio":false,"footnotes":""},"class_list":["post-120","page","type-page","status-publish","hentry"],"kubio_ai_page_context":{"short_desc":"","purpose":"general"},"_links":{"self":[{"href":"https:\/\/cnrbioenerji.com\/index.php\/wp-json\/wp\/v2\/pages\/120","targetHints":{"allow":["GET"]}}],"collection":[{"href":"https:\/\/cnrbioenerji.com\/index.php\/wp-json\/wp\/v2\/pages"}],"about":[{"href":"https:\/\/cnrbioenerji.com\/index.php\/wp-json\/wp\/v2\/types\/page"}],"author":[{"embeddable":true,"href":"https:\/\/cnrbioenerji.com\/index.php\/wp-json\/wp\/v2\/users\/1"}],"replies":[{"embeddable":true,"href":"https:\/\/cnrbioenerji.com\/index.php\/wp-json\/wp\/v2\/comments?post=120"}],"version-history":[{"count":2,"href":"https:\/\/cnrbioenerji.com\/index.php\/wp-json\/wp\/v2\/pages\/120\/revisions"}],"predecessor-version":[{"id":141,"href":"https:\/\/cnrbioenerji.com\/index.php\/wp-json\/wp\/v2\/pages\/120\/revisions\/141"}],"wp:attachment":[{"href":"https:\/\/cnrbioenerji.com\/index.php\/wp-json\/wp\/v2\/media?parent=120"}],"curies":[{"name":"wp","href":"https:\/\/api.w.org\/{rel}","templated":true}]}}