{"id":117,"date":"2026-04-26T19:32:05","date_gmt":"2026-04-26T19:32:05","guid":{"rendered":"http:\/\/cnrbioenerji.com\/?page_id=117"},"modified":"2026-04-27T07:22:37","modified_gmt":"2026-04-27T07:22:37","slug":"nefes-terapisi","status":"publish","type":"page","link":"https:\/\/cnrbioenerji.com\/index.php\/nefes-terapisi\/","title":{"rendered":"Nefes Terapisi"},"content":{"rendered":"\n<p>Solunum terapisi (veya pulmoner rehabilitasyon\/solunum fizyoterapisi),\u00a0<mark>KOAH, ast\u0131m, bron\u015fit ve COVID-19 gibi solunum yolu rahats\u0131zl\u0131klar\u0131 olan hastalar\u0131n nefes almas\u0131n\u0131 kolayla\u015ft\u0131ran, akci\u011fer fonksiyonlar\u0131n\u0131 art\u0131ran ve ya\u015fam kalitesini y\u00fckselten egzersiz ve tedavi uygulamalar\u0131d\u0131r<\/mark>. Nefes darl\u0131\u011f\u0131n\u0131 azaltmay\u0131 ve solunum kaslar\u0131n\u0131 g\u00fc\u00e7lendirmeyi hedefler.<\/p>\n","protected":false},"excerpt":{"rendered":"<p>Solunum terapisi (veya pulmoner rehabilitasyon\/solunum fizyoterapisi),\u00a0KOAH, ast\u0131m, bron\u015fit ve COVID-19 gibi solunum yolu rahats\u0131zl\u0131klar\u0131 olan hastalar\u0131n nefes almas\u0131n\u0131 kolayla\u015ft\u0131ran, akci\u011fer fonksiyonlar\u0131n\u0131 art\u0131ran ve ya\u015fam kalitesini y\u00fckselten egzersiz ve tedavi uygulamalar\u0131d\u0131r. Nefes darl\u0131\u011f\u0131n\u0131 azaltmay\u0131 ve solunum kaslar\u0131n\u0131 g\u00fc\u00e7lendirmeyi hedefler.<\/p>\n","protected":false},"author":1,"featured_media":0,"parent":0,"menu_order":0,"comment_status":"closed","ping_status":"closed","template":"","meta":{"saved_in_kubio":false,"footnotes":""},"class_list":["post-117","page","type-page","status-publish","hentry"],"kubio_ai_page_context":{"short_desc":"","purpose":"general"},"_links":{"self":[{"href":"https:\/\/cnrbioenerji.com\/index.php\/wp-json\/wp\/v2\/pages\/117","targetHints":{"allow":["GET"]}}],"collection":[{"href":"https:\/\/cnrbioenerji.com\/index.php\/wp-json\/wp\/v2\/pages"}],"about":[{"href":"https:\/\/cnrbioenerji.com\/index.php\/wp-json\/wp\/v2\/types\/page"}],"author":[{"embeddable":true,"href":"https:\/\/cnrbioenerji.com\/index.php\/wp-json\/wp\/v2\/users\/1"}],"replies":[{"embeddable":true,"href":"https:\/\/cnrbioenerji.com\/index.php\/wp-json\/wp\/v2\/comments?post=117"}],"version-history":[{"count":2,"href":"https:\/\/cnrbioenerji.com\/index.php\/wp-json\/wp\/v2\/pages\/117\/revisions"}],"predecessor-version":[{"id":145,"href":"https:\/\/cnrbioenerji.com\/index.php\/wp-json\/wp\/v2\/pages\/117\/revisions\/145"}],"wp:attachment":[{"href":"https:\/\/cnrbioenerji.com\/index.php\/wp-json\/wp\/v2\/media?parent=117"}],"curies":[{"name":"wp","href":"https:\/\/api.w.org\/{rel}","templated":true}]}}